{"id":1210,"date":"2023-03-24T13:16:06","date_gmt":"2023-03-24T13:16:06","guid":{"rendered":"http:\/\/ejsayoga.dk\/?page_id=1210"},"modified":"2023-04-04T12:37:18","modified_gmt":"2023-04-04T12:37:18","slug":"priser","status":"publish","type":"page","link":"https:\/\/ejsatester.nyehjemmeside.dk\/index.php\/priser\/","title":{"rendered":"PRISER"},"content":{"rendered":"<p>[et_pb_section fb_built=&#8221;1&#8243; _builder_version=&#8221;4.19.0&#8243; _module_preset=&#8221;default&#8221; global_colors_info=&#8221;{}&#8221;][\/et_pb_section][et_pb_section fb_built=&#8221;1&#8243; admin_label=&#8221;Header&#8221; _builder_version=&#8221;4.19.0&#8243; _module_preset=&#8221;default&#8221; background_color=&#8221;gcid-04897493-f58d-40e6-bf12-6443f20c4df4&#8243; custom_margin=&#8221;-197px|||||&#8221; custom_padding=&#8221;105px|||||&#8221; collapsed=&#8221;off&#8221; global_colors_info=&#8221;{%22gcid-04897493-f58d-40e6-bf12-6443f20c4df4%22:%91%22background_color%22%93}&#8221;][et_pb_row _builder_version=&#8221;4.19.0&#8243; _module_preset=&#8221;default&#8221; width=&#8221;40.6%&#8221; custom_padding=&#8221;3px|||||&#8221; global_colors_info=&#8221;{}&#8221;][et_pb_column type=&#8221;4_4&#8243; _builder_version=&#8221;4.19.0&#8243; _module_preset=&#8221;default&#8221; global_colors_info=&#8221;{}&#8221;][\/et_pb_column][\/et_pb_row][\/et_pb_section][et_pb_section fb_built=&#8221;1&#8243; admin_label=&#8221;Features&#8221; _builder_version=&#8221;4.19.0&#8243; _module_preset=&#8221;default&#8221; background_enable_color=&#8221;off&#8221; background_image=&#8221;https:\/\/ejsatester.nyehjemmeside.dk\/wp-content\/uploads\/2022\/11\/Baggrund-hjemmeside.png&#8221; custom_margin=&#8221;-106px|||||&#8221; locked=&#8221;off&#8221; collapsed=&#8221;off&#8221; global_colors_info=&#8221;{%22gcid-f22ce391-07f1-4ce8-a74b-7c09c799a54e%22:%91%22background_color%22%93,%22gcid-1ebd227f-17a6-4b4b-aae3-34bdf343cf9f%22:%91%22background_color_gradient_stops%22%93}&#8221;][et_pb_row column_structure=&#8221;1_4,3_4&#8243; _builder_version=&#8221;4.19.0&#8243; _module_preset=&#8221;default&#8221; global_colors_info=&#8221;{}&#8221;][et_pb_column type=&#8221;1_4&#8243; _builder_version=&#8221;4.19.0&#8243; _module_preset=&#8221;default&#8221; global_colors_info=&#8221;{}&#8221;][\/et_pb_column][et_pb_column type=&#8221;3_4&#8243; _builder_version=&#8221;4.19.0&#8243; _module_preset=&#8221;default&#8221; background_color=&#8221;gcid-f22ce391-07f1-4ce8-a74b-7c09c799a54e&#8221; custom_padding=&#8221;60px|60px|60px|60px|true|true&#8221; custom_padding_tablet=&#8221;30px|30px|30px|30px|true|true&#8221; custom_padding_phone=&#8221;20px|20px|20px|20px|true|true&#8221; custom_padding_last_edited=&#8221;on|desktop&#8221; border_width_all=&#8221;1px&#8221; border_color_all=&#8221;gcid-779e448d-96c3-49b2-ae12-d4cf75113a53&#8243; box_shadow_style=&#8221;preset4&#8243; box_shadow_horizontal=&#8221;0px&#8221; box_shadow_vertical=&#8221;0px&#8221; box_shadow_spread=&#8221;20px&#8221; box_shadow_color=&#8221;gcid-f22ce391-07f1-4ce8-a74b-7c09c799a54e&#8221; global_colors_info=&#8221;{%22gcid-1ebd227f-17a6-4b4b-aae3-34bdf343cf9f%22:%91%22background_color__hover%22%93,%22gcid-f22ce391-07f1-4ce8-a74b-7c09c799a54e%22:%91%22box_shadow_color%22,%22background_color%22%93,%22gcid-779e448d-96c3-49b2-ae12-d4cf75113a53%22:%91%22border_color_all%22%93}&#8221; background__hover_enabled=&#8221;on|desktop&#8221;][et_pb_divider color=&#8221;gcid-779e448d-96c3-49b2-ae12-d4cf75113a53&#8243; divider_position=&#8221;center&#8221; _builder_version=&#8221;4.19.0&#8243; _module_preset=&#8221;default&#8221; locked=&#8221;off&#8221; global_colors_info=&#8221;{%22gcid-779e448d-96c3-49b2-ae12-d4cf75113a53%22:%91%22color%22%93}&#8221;][\/et_pb_divider][et_pb_text _builder_version=&#8221;4.19.0&#8243; _module_preset=&#8221;e6504a1b-67eb-4b3d-b023-bcab277610b6&#8243; header_4_font=&#8221;Montserrat|700||on|||||&#8221; header_4_text_color=&#8221;gcid-779e448d-96c3-49b2-ae12-d4cf75113a53&#8243; header_4_font_size=&#8221;14px&#8221; header_4_letter_spacing=&#8221;1px&#8221; header_4_line_height=&#8221;1.4em&#8221; background_color=&#8221;gcid-f22ce391-07f1-4ce8-a74b-7c09c799a54e&#8221; positioning=&#8221;absolute&#8221; z_index=&#8221;10&#8243; custom_margin=&#8221;60px||0px|60px|false|false&#8221; custom_margin_tablet=&#8221;30px||0px|30px|false|false&#8221; custom_margin_phone=&#8221;20px|||20px|false|false&#8221; custom_margin_last_edited=&#8221;on|tablet&#8221; custom_padding=&#8221;|30px|||false|false&#8221; hover_enabled=&#8221;0&#8243; locked=&#8221;off&#8221; global_colors_info=&#8221;{%22gcid-f22ce391-07f1-4ce8-a74b-7c09c799a54e%22:%91%22background_color%22%93,%22gcid-779e448d-96c3-49b2-ae12-d4cf75113a53%22:%91%22header_4_text_color%22%93}&#8221; sticky_enabled=&#8221;0&#8243;]<\/p>\n<h4>PRISER<\/h4>\n<p>[\/et_pb_text][et_pb_code _builder_version=&#8221;4.19.5&#8243; _module_preset=&#8221;default&#8221; global_colors_info=&#8221;{}&#8221;]<div class=\"yogo-prices\" data-price-group=\"\"><\/div>[\/et_pb_code][\/et_pb_column][\/et_pb_row][\/et_pb_section][et_pb_section fb_built=&#8221;1&#8243; admin_label=&#8221;Package&#8221; _builder_version=&#8221;4.19.0&#8243; _module_preset=&#8221;default&#8221; background_color=&#8221;gcid-04897493-f58d-40e6-bf12-6443f20c4df4&#8243; custom_padding=&#8221;||80px|||&#8221; bottom_divider_style=&#8221;wave&#8221; bottom_divider_color=&#8221;gcid-9745e094-76d8-4d83-ab68-a9236530a5f7&#8243; hover_enabled=&#8221;0&#8243; collapsed=&#8221;off&#8221; global_colors_info=&#8221;{%22gcid-9745e094-76d8-4d83-ab68-a9236530a5f7%22:%91%22bottom_divider_color%22%93,%22gcid-04897493-f58d-40e6-bf12-6443f20c4df4%22:%91%22background_color%22%93}&#8221; sticky_enabled=&#8221;0&#8243;][et_pb_row column_structure=&#8221;1_2,1_2&#8243; _builder_version=&#8221;4.19.0&#8243; _module_preset=&#8221;default&#8221; custom_margin=&#8221;-40px|auto||auto||&#8221; global_colors_info=&#8221;{}&#8221;][et_pb_column type=&#8221;1_2&#8243; _builder_version=&#8221;4.19.0&#8243; _module_preset=&#8221;default&#8221; global_colors_info=&#8221;{}&#8221;][et_pb_divider color=&#8221;gcid-779e448d-96c3-49b2-ae12-d4cf75113a53&#8243; divider_position=&#8221;center&#8221; _builder_version=&#8221;4.19.0&#8243; _module_preset=&#8221;default&#8221; hover_enabled=&#8221;0&#8243; locked=&#8221;off&#8221; global_colors_info=&#8221;{%22gcid-779e448d-96c3-49b2-ae12-d4cf75113a53%22:%91%22color%22%93}&#8221; sticky_enabled=&#8221;0&#8243;][\/et_pb_divider][et_pb_text _builder_version=&#8221;4.19.0&#8243; _module_preset=&#8221;e6504a1b-67eb-4b3d-b023-bcab277610b6&#8243; header_4_font=&#8221;|700||on|||||&#8221; header_4_text_color=&#8221;gcid-779e448d-96c3-49b2-ae12-d4cf75113a53&#8243; header_4_font_size=&#8221;14px&#8221; header_4_letter_spacing=&#8221;1px&#8221; header_4_line_height=&#8221;1.4em&#8221; background_color=&#8221;gcid-04897493-f58d-40e6-bf12-6443f20c4df4&#8243; positioning=&#8221;absolute&#8221; z_index=&#8221;10&#8243; custom_margin=&#8221;||0px||false|false&#8221; custom_padding=&#8221;|30px|||false|false&#8221; hover_enabled=&#8221;0&#8243; locked=&#8221;off&#8221; global_colors_info=&#8221;{%22gcid-779e448d-96c3-49b2-ae12-d4cf75113a53%22:%91%22header_4_text_color%22%93,%22gcid-04897493-f58d-40e6-bf12-6443f20c4df4%22:%91%22background_color%22%93}&#8221; sticky_enabled=&#8221;0&#8243;]<\/p>\n<h4>BETALING<\/h4>\n<p>[\/et_pb_text][et_pb_text _builder_version=&#8221;4.19.0&#8243; _module_preset=&#8221;b327cbe4-b1d5-4b66-ad37-40c8f2f061ba&#8221; header_2_font=&#8221;Montserrat||||||||&#8221; header_2_font_size=&#8221;48px&#8221; header_2_line_height=&#8221;1.2em&#8221; hover_enabled=&#8221;0&#8243; header_2_font_size_tablet=&#8221;32px&#8221; header_2_font_size_phone=&#8221;20px&#8221; header_2_font_size_last_edited=&#8221;on|desktop&#8221; global_colors_info=&#8221;{}&#8221; sticky_enabled=&#8221;0&#8243;]<\/p>\n<h2>MOBILEPAY<\/h2>\n<p>[\/et_pb_text][et_pb_text _builder_version=&#8221;4.20.2&#8243; _module_preset=&#8221;1f09816e-184e-4ce5-a4cf-b39c52c423ca&#8221; text_line_height=&#8221;1.8em&#8221; min_height=&#8221;123.4px&#8221; custom_margin=&#8221;-27px|||||&#8221; hover_enabled=&#8221;0&#8243; text_font_size_tablet=&#8221;15px&#8221; text_font_size_phone=&#8221;14px&#8221; text_font_size_last_edited=&#8221;on|desktop&#8221; header_font_size_tablet=&#8221;55px&#8221; header_font_size_last_edited=&#8221;off|desktop&#8221; global_colors_info=&#8221;{}&#8221; sticky_enabled=&#8221;0&#8243;]<\/p>\n<p>Er der tale om et forl\u00f8b, workshop eller et tilbud, skal dette betales efter de betingelser, som st\u00e5r i selve eventet.<\/p>\n<p>[\/et_pb_text][et_pb_text _builder_version=&#8221;4.19.0&#8243; _module_preset=&#8221;default&#8221; min_height=&#8221;53px&#8221; custom_margin=&#8221;12px|||||&#8221; custom_padding=&#8221;||13px|||&#8221; global_colors_info=&#8221;{}&#8221;]<\/p>\n<h3>VED UDEBLIVELSE ELLER FOR SEN AFMELDING<\/h3>\n<p>[\/et_pb_text][et_pb_divider color=&#8221;gcid-779e448d-96c3-49b2-ae12-d4cf75113a53&#8243; divider_position=&#8221;center&#8221; _builder_version=&#8221;4.19.0&#8243; _module_preset=&#8221;default&#8221; custom_margin=&#8221;-50px|||||&#8221; custom_padding=&#8221;||5px|||&#8221; global_colors_info=&#8221;{%22gcid-779e448d-96c3-49b2-ae12-d4cf75113a53%22:%91%22color%22%93}&#8221;][\/et_pb_divider][et_pb_text _builder_version=&#8221;4.19.0&#8243; _module_preset=&#8221;default&#8221; min_height=&#8221;171.8px&#8221; custom_margin=&#8221;-21px|||||&#8221; global_colors_info=&#8221;{}&#8221;]<\/p>\n<p>Du skal altid afmeldige dig fra morgenhold kl 21.00 dagen f\u00f8r. Ved aftenhold er det blot 6 timer f\u00f8r klassen starter.<\/p>\n<p>Hvis dette ikke sker, koster det dig et klip eller prisen for en fuld yogatime (120 kr).<\/p>\n<p>Dette g\u00e6lder IKKE dig som er tilmeldt et forl\u00f8b. Da dette er betalt p\u00e5 forkant.<\/p>\n<div><\/div>\n<p>[\/et_pb_text][\/et_pb_column][et_pb_column type=&#8221;1_2&#8243; _builder_version=&#8221;4.19.0&#8243; _module_preset=&#8221;default&#8221; custom_padding=&#8221;10%||||false|false&#8221; global_colors_info=&#8221;{}&#8221;][et_pb_text _builder_version=&#8221;4.19.0&#8243; _module_preset=&#8221;default&#8221; global_colors_info=&#8221;{}&#8221;]<\/p>\n<h3>EVENTS, WORKSHOPS &amp; RETREATS<\/h3>\n<p>[\/et_pb_text][et_pb_divider color=&#8221;gcid-779e448d-96c3-49b2-ae12-d4cf75113a53&#8243; divider_position=&#8221;center&#8221; _builder_version=&#8221;4.19.0&#8243; _module_preset=&#8221;default&#8221; custom_margin=&#8221;-50px|||||&#8221; custom_padding=&#8221;||20px|||&#8221; global_colors_info=&#8221;{%22gcid-779e448d-96c3-49b2-ae12-d4cf75113a53%22:%91%22color%22%93}&#8221;][\/et_pb_divider][et_pb_text _builder_version=&#8221;4.19.0&#8243; _module_preset=&#8221;default&#8221; custom_margin=&#8221;-38px|||||&#8221; global_colors_info=&#8221;{}&#8221;]<\/p>\n<p>Alle events, workshops og retreats er bindende ved tilmelding hertil.<\/p>\n<p>[\/et_pb_text][\/et_pb_column][\/et_pb_row][\/et_pb_section]<\/p>\n","protected":false},"excerpt":{"rendered":"<p>PRISER<div class=\"yogo-prices\" data-price-group=\"\"><\/div>BETALINGMOBILEPAYEr der tale om et forl\u00f8b, workshop eller et tilbud, skal dette betales efter de betingelser, som st\u00e5r i selve eventet.VED UDEBLIVELSE ELLER FOR SEN AFMELDINGDu skal altid afmeldige dig [&hellip;]<\/p>\n","protected":false},"author":3,"featured_media":0,"parent":0,"menu_order":0,"comment_status":"closed","ping_status":"closed","template":"","meta":{"_et_pb_use_builder":"on","_et_pb_old_content":"","_et_gb_content_width":"","inline_featured_image":false,"footnotes":""},"class_list":["post-1210","page","type-page","status-publish","hentry"],"_links":{"self":[{"href":"https:\/\/ejsatester.nyehjemmeside.dk\/index.php\/wp-json\/wp\/v2\/pages\/1210","targetHints":{"allow":["GET"]}}],"collection":[{"href":"https:\/\/ejsatester.nyehjemmeside.dk\/index.php\/wp-json\/wp\/v2\/pages"}],"about":[{"href":"https:\/\/ejsatester.nyehjemmeside.dk\/index.php\/wp-json\/wp\/v2\/types\/page"}],"author":[{"embeddable":true,"href":"https:\/\/ejsatester.nyehjemmeside.dk\/index.php\/wp-json\/wp\/v2\/users\/3"}],"replies":[{"embeddable":true,"href":"https:\/\/ejsatester.nyehjemmeside.dk\/index.php\/wp-json\/wp\/v2\/comments?post=1210"}],"version-history":[{"count":8,"href":"https:\/\/ejsatester.nyehjemmeside.dk\/index.php\/wp-json\/wp\/v2\/pages\/1210\/revisions"}],"predecessor-version":[{"id":1447,"href":"https:\/\/ejsatester.nyehjemmeside.dk\/index.php\/wp-json\/wp\/v2\/pages\/1210\/revisions\/1447"}],"wp:attachment":[{"href":"https:\/\/ejsatester.nyehjemmeside.dk\/index.php\/wp-json\/wp\/v2\/media?parent=1210"}],"curies":[{"name":"wp","href":"https:\/\/api.w.org\/{rel}","templated":true}]}}