{"id":269,"date":"2022-11-30T19:32:02","date_gmt":"2022-11-30T19:32:02","guid":{"rendered":"http:\/\/ejsayoga.dk\/?page_id=269"},"modified":"2023-03-28T09:40:08","modified_gmt":"2023-03-28T09:40:08","slug":"nepal-yoga-retreat","status":"publish","type":"page","link":"https:\/\/ejsatester.nyehjemmeside.dk\/index.php\/nepal-yoga-retreat\/","title":{"rendered":"NEPAL YOGA RETREAT"},"content":{"rendered":"<p>[et_pb_section fb_built=&#8221;1&#8243; _builder_version=&#8221;4.20.2&#8243; _module_preset=&#8221;default&#8221; background_image=&#8221;https:\/\/ejsatester.nyehjemmeside.dk\/wp-content\/uploads\/2022\/11\/Baggrund-hjemmeside.png&#8221; global_colors_info=&#8221;{}&#8221;][et_pb_row _builder_version=&#8221;4.19.0&#8243; _module_preset=&#8221;default&#8221; global_colors_info=&#8221;{}&#8221;][et_pb_column type=&#8221;4_4&#8243; _builder_version=&#8221;4.19.0&#8243; _module_preset=&#8221;default&#8221; global_colors_info=&#8221;{}&#8221;][et_pb_text _builder_version=&#8221;4.20.2&#8243; _module_preset=&#8221;default&#8221; text_font=&#8221;Montserrat||||||||&#8221; text_text_color=&#8221;gcid-779e448d-96c3-49b2-ae12-d4cf75113a53&#8243; text_font_size=&#8221;53px&#8221; text_letter_spacing=&#8221;2px&#8221; hover_enabled=&#8221;0&#8243; text_line_height_tablet=&#8221;&#8221; text_line_height_phone=&#8221;1em&#8221; text_line_height_last_edited=&#8221;on|desktop&#8221; global_colors_info=&#8221;{%22gcid-779e448d-96c3-49b2-ae12-d4cf75113a53%22:%91%22text_text_color%22%93}&#8221; text_line_height=&#8221;1.25em&#8221; sticky_enabled=&#8221;0&#8243;]<\/p>\n<p style=\"text-align: center;\">UDSOLGT &#8211; NEPAL<br \/>RETREAT<\/p>\n<p>[\/et_pb_text][\/et_pb_column][\/et_pb_row][\/et_pb_section][et_pb_section fb_built=&#8221;1&#8243; admin_label=&#8221;About&#8221; _builder_version=&#8221;4.19.0&#8243; _module_preset=&#8221;default&#8221; background_color=&#8221;gcid-04897493-f58d-40e6-bf12-6443f20c4df4&#8243; custom_margin=&#8221;-44px|||||&#8221; custom_padding=&#8221;0px||||false|false&#8221; global_colors_info=&#8221;{%22gcid-04897493-f58d-40e6-bf12-6443f20c4df4%22:%91%22background_color%22%93}&#8221;][et_pb_row column_structure=&#8221;1_2,1_2&#8243; use_custom_gutter=&#8221;on&#8221; gutter_width=&#8221;1&#8243; _builder_version=&#8221;4.19.0&#8243; _module_preset=&#8221;default&#8221; min_height=&#8221;996.3px&#8221; custom_margin=&#8221;44px|auto||auto||&#8221; custom_padding=&#8221;38px||0px||false|false&#8221; global_colors_info=&#8221;{}&#8221;][et_pb_column type=&#8221;1_2&#8243; _builder_version=&#8221;4.16&#8243; _module_preset=&#8221;default&#8221; custom_padding=&#8221;100px|60px|||false|false&#8221; custom_padding_tablet=&#8221;30px|0px|30px||false|false&#8221; custom_padding_phone=&#8221;20px||20px||false|false&#8221; custom_padding_last_edited=&#8221;on|phone&#8221; global_colors_info=&#8221;{}&#8221;][et_pb_text _builder_version=&#8221;4.19.0&#8243; _module_preset=&#8221;c3c1179e-80e4-4396-b700-51b845e1c46f&#8221; text_font_size=&#8221;12px&#8221; header_2_font=&#8221;Montserrat|500|||||||&#8221; header_2_text_color=&#8221;gcid-779e448d-96c3-49b2-ae12-d4cf75113a53&#8243; header_2_font_size=&#8221;39px&#8221; header_2_letter_spacing=&#8221;2px&#8221; header_2_line_height=&#8221;1.2em&#8221; width=&#8221;500px&#8221; width_tablet=&#8221;&#8221; width_phone=&#8221;300px&#8221; width_last_edited=&#8221;on|phone&#8221; min_height=&#8221;157.6px&#8221; custom_margin=&#8221;-97px|||||&#8221; custom_padding=&#8221;60px||49px|||&#8221; header_2_font_size_tablet=&#8221;32px&#8221; header_2_font_size_phone=&#8221;20px&#8221; header_2_font_size_last_edited=&#8221;on|phone&#8221; locked=&#8221;off&#8221; global_colors_info=&#8221;{%22gcid-779e448d-96c3-49b2-ae12-d4cf75113a53%22:%91%22header_2_text_color%22%93}&#8221;]<\/p>\n<h1>PROGRAM<\/h1>\n<h4><\/h4>\n<p>[\/et_pb_text][et_pb_text _builder_version=&#8221;4.19.0&#8243; _module_preset=&#8221;328ee7ad-ed91-4601-a1e5-70b2dcbbb6a8&#8243; text_font=&#8221;||||||||&#8221; text_text_color=&#8221;#000000&#8243; text_line_height=&#8221;1.8em&#8221; custom_margin=&#8221;-50px||14px|||&#8221; text_font_size_tablet=&#8221;16px&#8221; text_font_size_phone=&#8221;14px&#8221; text_font_size_last_edited=&#8221;off|desktop&#8221; locked=&#8221;off&#8221; global_colors_info=&#8221;{}&#8221;]<\/p>\n<p>Nepal Yoga Retreat, er til dig, som er til aktiv ferie, yoga, ro, vandreture og kultur p\u00e5 h\u00f8jeste plan. Pak kufferten, l\u00e6g dit normale liv bag dig og tag med til denne sk\u00f8nne destination, der rummer en perfekt balance mellem yoga, indsigt, sightseeing, vandreture, kultur og udsigt over verdens tage.<br \/>En kombinationen af daglig Yoga og Nepals smukke kultur vil tillade dig at finde fundamentet under dine f\u00f8dder igen, m\u00e6rke dit hjerte, bruge dine sanser og give dig tid til at stresse ned i en hel anden dimension. OBS p\u00e5 rejsedage vil der v\u00e6re mindre eller ingen yoga.<\/p>\n<p>Nepal er et eventyr, tilbage til way back when, \u00e6ldgamle templer og leverm\u00e5der blandet med l\u00e6kker kaffe, moderne vegetarmad og traditionel mad som Dal Baht. Man f\u00f8ler sig altid velkommen i Nepal, faktisk f\u00f8ler mange sig langt mere sikker her, end andre steder i verden. Dette skyldtes b\u00e5de Nepalesernes g\u00e6stfrihed og deres store taknemmelighed over for turister, som de ved, er n\u00f8dvendige for landets \u00f8konomi.<\/p>\n<p>[\/et_pb_text][et_pb_text _builder_version=&#8221;4.19.0&#8243; _module_preset=&#8221;default&#8221; global_colors_info=&#8221;{}&#8221;]<\/p>\n<h4><\/h4>\n<h4>AFREJSE<\/h4>\n<p>\u00a0Flyrejse:<br \/>Afrejse fra K\u00f8benhavn til Kathamndu D.22marts 2024 \u2013 Hjemrejse fra Nepal D.3 april 2024<br \/>Yoga programmet starter d.23 marts om aftenen.<br \/>Yoga programmet slutter 2 april<br \/>\u2022 Check-ind bamboo huts d.23 april<br \/>\u2022 Check-ud bamboo huts d.3 april<\/p>\n<p>Et Yoga retreat er din unikke mulighed for at vende blikke indad, skifte scene fra g\u00f8ren til at v\u00e6ren og bare v\u00e6re dig. Det er den ideelle m\u00e5de at rejse p\u00e5 om du er alene eller har en med.<\/p>\n<p>yogaferie i Nepal, p\u00e5sken 2024. Daglig yoga, vegetarmad, vandretur i sk\u00f8nne Phokara, ayurvediske behandlinger, dampbad, sightseeing og ikke mindst den reneste himalayaiske luft.<\/p>\n<p>Indkvartering p\u00e5 Nepal Yoga Retreat:<br \/>Vi skal bo p\u00e5 Nepal yoga reteat ejet af Dr. Chintermani, en h\u00f8jt renommeret yoga guru med over 15 \u00e5rs undervisning b\u00e5de i Nepal og Indien, han holder en Ph.D i yoga, en 2 \u00e5rs uddannelse fra Gurukul Kangri universitetet i Haridwar Indiensom.<\/p>\n<p><strong>23-29 marts<\/strong><br \/>Retreatet ligger p\u00e5 Panchamahalaxmi templet jord i Sankhu lige under Nagarkot. Retreatet blev bygget i 2013 og tilbygget i 2021. Standart v\u00e6relserne er lavet i bambus og er ren luksus p\u00e5 den nedk\u00f8lede yogiske m\u00e5de, de nye v\u00e6relser er bygget i mere modernet stil. De fleste v\u00e6relser har en fuldst\u00e6ndig bjergtagende udsigt. Skove, bjerge og templer omringer grunden og g\u00f8r det nemt at s\u00e6tte tempoet ned.<\/p>\n<p>Der vil v\u00e6re mulighed for daglige ture p\u00e5 egen h\u00e5nd, eller sammen eller med guide. Vi bor midt i lokalsamfundet, s\u00e5 det er ikke uvant at m\u00f8de de lokale, husk dit namaste el namaska til hilsen, og v\u00e6r ikke bleg for at takke ja til en kop chai og en sludder.<br \/>Tag turen til Bhaktapurs smukke gamle templer. Her finder du sp\u00e6ndende gamle bygninger, shopping, restauranter, l\u00e6kre kager, god kaffe og duften af r\u00f8gelse og magi i luften. Bes\u00f8g udsigtspunktet, Nagarkot, synet af Himalaya bjergk\u00e6den og mount everst vil tage puste fra dig, dette ligger ca 45 min fra Bambus Retreatet.<br \/>Indkvartering p\u00e5 Bamboo huts.<br \/>V\u00e6relserne har bad og toilet. Dobbeltv\u00e6relse kan bookes, hvis I er to som tilmelder jer sammen, skal jeg vide dette ved tilmelding<\/p>\n<p><strong>29 marts -01 april<\/strong><br \/>Pokhara 3 overnatninger p\u00e5 Guru hotel lakeside.<br \/>Pokhara er Nepals n\u00e6stst\u00f8rste by med ca. 230 000 indbyggere. Byen har tidligere v\u00e6ret et vigtigt punkt p\u00e5 handelsruten mellem Indien og Tibet. Idag er Pokhara startpunktet for trekkingturer i Himalaya, s\u00e6rligt den smukke Annapurna bjergk\u00e6de. Fra Pokhara har du s\u00e5ledes en fantastisk udsigt til 8 000 meter h\u00f8je sned\u00e6kkede bjerge.<\/p>\n<p>Busturen til Phokara tager ca 7 timer. Vi vil undervejs stoppe et sted hvor vi kan f\u00e5 lidt at spise og drikke. Vi overnatter 3 n\u00e6tter i Pokhara, her kan du browse rundt, shoppe, sidde ved s\u00f8en, nyde udsigten over Anapurnas utrolige snekl\u00e6dte bjerge og det observerer det pulserende liv. Efter en god nattes\u00f8vn, forts\u00e6tter vi til fods p\u00e5 en sk\u00f8n vandretur i bjergene.<\/p>\n<p><strong>01 april \u2013 03 april<\/strong><\/p>\n<p>Fra Pokhara vender vi n\u00e6sen mod Sankhu til 2 overnatninger inden turen g\u00e5r hjem til Danmark. her er der igen regelm\u00e6ssig yoga p\u00e5 programmet.<\/p>\n<p><strong>At rejse til Nepal:<\/strong><br \/>V\u00e6r opm\u00e6rksom p\u00e5 at Nepal ikke er luksus i sus og dus. Nepal et af de fattigste lande i Sydasien. Udfordringerne er blandt andet manglende investeringer, d\u00e5rlig infrastruktur og ringe uddannelsesmuligheder. Hver dag forlader 1.800 unge mennesker Nepal for at arbejde i de arabiske golfstater. Alligevel er nepaleserne noget af det mest fantastisk folkef\u00e6rd, jeg gennem mine mange rejser, har m\u00f8dt. Smil, venlighed og nysgerrighed er nogle af de tr\u00e6k jeg vil beskrive dem med. Jeg blev forelsket, i lige pr\u00e6cist det, da jeg i 1998 landende i Kathmandu for f\u00f8rste gang.<br \/>Nepal er et eventyr, tilbage til way back when, \u00e6ldgamle templer og leverm\u00e5der blandet med l\u00e6kker kaffe, moderne vegetarmad og traditionel mad som Dal Baht. Man f\u00f8ler sig altid velkommen i Nepal, faktisk f\u00f8ler mange sig langt mere sikker her, end andre steder i verden. Dette skyldtes b\u00e5de Nepalesernes g\u00e6stfrihed og deres store taknemmelighed over for turister, som de ved, er n\u00f8dvendige for landets \u00f8konomi.<\/p>\n<p><strong>Facebook gruppe\u00a0<\/strong><\/p>\n<p>N\u00e5r du er tilmeldt og har betalt din rejse. Kan du melde dig ind i Facebook gruppe \u201cNepal en anderledes yoga rejser\u201d<\/p>\n<p>&nbsp;<\/p>\n<p>[\/et_pb_text][et_pb_text _builder_version=&#8221;4.19.0&#8243; _module_preset=&#8221;default&#8221; global_colors_info=&#8221;{}&#8221;]<\/p>\n<h4>YOGA<\/h4>\n<p>Yogaundervisningen:<br \/>Der vil v\u00e6re yoga undervisning b\u00e5de morgen og sen eftermiddag. P\u00e5 udvalgte rejsedage\/vandredage er der mindre eller ingen yoga. Den daglige undervisning vil v\u00e6re tilpasset s\u00e5 du kan deltage, om du er ny eller garvet yogi, modifikationer af de forskellige stillinger vil tillade den garvede yogi til at udfordre sig selv fysisk og mentalt. Det er dog altid at foretr\u00e6kke at du forinden har opbygget dig en praksis.<br \/>\u2022 Hatha mix<br \/>Er en blanding af bev\u00e6gelse og statiske stillinger. Her vil du finde sjove og udfordrende flows og styrkende stillinger.<br \/>\u2022 Yin yoga<br \/>Er at grounde, fastholde og afsp\u00e6nde. Jordforbindelse hj\u00e6lper os til at finde hjem i os selv. Finde styrke mod fundamentet, her hvor vi igen kan modtage den nektar som krop og sj\u00e6l lever af. Stillingerne, som holdes i 3-5 min, skaber plads til krop og \u00e5ndedr\u00e6t, bev\u00e6gelse, energi og overskud i hverdagen. I stilheden m\u00f8der vi stillingerne med mindst mulig muskel aktivitet. At skabe ro og bl\u00f8dhed uden at falde sammen og lade tankerne styrer. Det er her vi genfinder evnen til at lade ting passerer og m\u00f8de livet med positivet.<\/p>\n<p>Program:<br \/>Dette er et eksempel p\u00e5 det daglige program hos Bamboo huts. Der er altid plads til at bakke ud, melde pas og bare v\u00e6re dig, g\u00e5 ture og holde ferie. Alt p\u00e5 opholdet er frivilligt.<\/p>\n<p>kl. 7:00: herbal the<br \/>kl. 7.30-9.00 : Morgenyoga<br \/>kl. 9.00-10.00: Morgenmad<br \/>kl 10.00-12.30: Fri til massage, afslapning, sightseeing mm<br \/>kl. 13.00-14.00: Vegetarisk frokost (kan skippes hvis du er p\u00e5 tur)<br \/>kl. 14.00-17.30: Fri til massage, afslapning, sightseeing mm<br \/>kl. 17.30- 19.30: Yoga<br \/>kl. 19.30-20.30: Vegetarisk aftensmad<br \/>Nogle aftener: Stilhed og Chanting<\/p>\n<p>V\u00e6r opm\u00e6rksom p\u00e5 at der kan forekomme \u00e6ndringer i programmet.<\/p>\n<p>Undervisning Yoga : Ejsa Andersen<br \/>Undervisning \u00e5ndedr\u00e6t: Dr Chintermani Gautam<\/p>\n<h4>AFBESTILLINGS REGLER\u00a0<\/h4>\n<p><strong><\/strong><\/p>\n<p><strong>Afbestillingsregler:\u00a0<\/strong><br \/><em>Yoga i Nepal:<\/em><br \/>Retreatet gennemf\u00f8res ved minimum 10 deltagere. Da der ikke er mange pladser, er det efter f\u00f8rst til m\u00f8lle princippet. Aflyses yogaferien fra arrang\u00f8rens side f\u00e5r du naturligvis alle pengene igen. Evt. udgifter til fly, forsikringer m.m. erstattes ikke. Derfor bedes du vente med at bestille fly til der er givet gr\u00f8nt lys fra udbyders side.<\/p>\n<p>Din tilmelding er bindende og depositum p\u00e5 3000 refunderes ikke ved afbestilling. Hvis du afmelder dig senest 90 dage f\u00f8r afrejse, refunderes det resterende bel\u00f8b, afmelder du herefter, er der ingen refundering. Du er velkommen til at overdrage din plads til en anden deltager, efter aftale med Underground yoga.<\/p>\n<p><strong>Rejsegarantifonden<\/strong><br \/>Underground-yoga er medlem af rejsegarantifonden med registrerings nummer 2964<\/p>\n<p><a href=\"https:\/\/www.rejsegarantifonden.dk\/din-daekning\/#jfmulticontent_c719-1\">https:\/\/www.rejsegarantifonden.dk\/din-daekning\/#jfmulticontent_c719-1<\/a><\/p>\n<p>SE LINK REJSEGARANTIFONDEN:<br \/>Underground-yoga er medlem af rejsegarantifonden med registrerings nummer 2964<\/p>\n<p>https:\/\/www.rejsegarantifonden.dk\/din-daekning\/#jfmulticontent_c719-1<\/p>\n<p><strong>Forsikring m.m.:\u00a0<\/strong><br \/>Du st\u00e5r selv for forsikringer for turen der d\u00e6kker flyrejse, personskade mm.<br \/>Arrang\u00f8ren fraskriver sig herved ethvert ansvar for eventuelle tab i forbindelse med fx. skader, sygdom o.lign.<\/p>\n<p>Det er muligt, at blive d\u00e6kket via sin indboforsikring, husk at tjekke at du er d\u00e6kket ved sygdom, b\u00e5de f\u00f8r og under turen.<\/p>\n<p>Der tages forbehold for tastefejl og \u00e6ndringer udbyder ikke er selvforskyldt i.<\/p>\n<p><em>Namaste Ejsa<\/em><\/p>\n<p>&nbsp;<\/p>\n<p>&nbsp;<\/p>\n<p>&nbsp;<\/p>\n<p>[\/et_pb_text][\/et_pb_column][et_pb_column type=&#8221;1_2&#8243; _builder_version=&#8221;4.19.0&#8243; _module_preset=&#8221;default&#8221; background_color=&#8221;rgba(255,255,255,0.43)&#8221; custom_padding=&#8221;40px|40px|40px|40px|true|true&#8221; custom_padding_tablet=&#8221;30px|30px|30px|30px|true|true&#8221; custom_padding_phone=&#8221;20px|20px|20px|20px|true|true&#8221; custom_padding_last_edited=&#8221;on|phone&#8221; box_shadow_style=&#8221;preset2&#8243; global_colors_info=&#8221;{}&#8221;][et_pb_text _builder_version=&#8221;4.19.0&#8243; _module_preset=&#8221;c3c1179e-80e4-4396-b700-51b845e1c46f&#8221; header_2_font=&#8221;Work Sans||||||||&#8221; header_2_text_color=&#8221;#000000&#8243; header_2_font_size=&#8221;50px&#8221; header_2_line_height=&#8221;1.2em&#8221; width=&#8221;500px&#8221; width_tablet=&#8221;&#8221; width_phone=&#8221;300px&#8221; width_last_edited=&#8221;on|phone&#8221; header_2_font_size_tablet=&#8221;32px&#8221; header_2_font_size_phone=&#8221;20px&#8221; header_2_font_size_last_edited=&#8221;on|phone&#8221; locked=&#8221;off&#8221; global_colors_info=&#8221;{}&#8221;]<\/p>\n<h3>VIGTIG INFORMATION<\/h3>\n<p>[\/et_pb_text][et_pb_text _builder_version=&#8221;4.19.0&#8243; _module_preset=&#8221;328ee7ad-ed91-4601-a1e5-70b2dcbbb6a8&#8243; text_font=&#8221;Montserrat||||||||&#8221; text_text_color=&#8221;#000000&#8243; text_line_height=&#8221;1.8em&#8221; text_font_size_tablet=&#8221;16px&#8221; text_font_size_phone=&#8221;14px&#8221; text_font_size_last_edited=&#8221;off|desktop&#8221; locked=&#8221;off&#8221; global_colors_info=&#8221;{}&#8221;]<\/p>\n<p><strong>Rejseudbyder:\u00a0<\/strong><a href=\"http:\/\/www.underground-yoga.dk\">www.ejsayoga.dk<\/a><\/p>\n<p><strong>Destination: <\/strong>Kathmandu valley og Phokara Nepal<\/p>\n<p><strong>Afrejsedato: <\/strong>d. 22 marts 2024<\/p>\n<p><strong>Hjemrejsedato:\u00a0<\/strong>d. 3 april 2024<\/p>\n<p><strong>Pris:<\/strong> Fra 11.000<\/p>\n<p><strong>Yogaform: <\/strong>Hatha &amp; yin yoga<\/p>\n<p><strong>Antal pladser: <\/strong>18<\/p>\n<p><strong>Tillades b\u00f8rn: N<\/strong>ej<\/p>\n<p><strong>Er rejsen r\u00f8gfri: <\/strong>Kun p\u00e5 retreatets omr\u00e5de<\/p>\n<p><strong>Er rejsen alkoholfri: <\/strong>Kun p\u00e5 retreatets omr\u00e5de<\/p>\n<p><strong>Visum: <\/strong>Ja<\/p>\n<p>&nbsp;<\/p>\n<p>&nbsp;<\/p>\n<p>&nbsp;<\/p>\n<p>[\/et_pb_text][\/et_pb_column][\/et_pb_row][et_pb_row column_structure=&#8221;1_2,1_2&#8243; _builder_version=&#8221;4.19.0&#8243; _module_preset=&#8221;default&#8221; min_height=&#8221;388.1px&#8221; custom_margin=&#8221;-174px|auto||auto||&#8221; custom_padding=&#8221;161px|||||&#8221; global_colors_info=&#8221;{}&#8221;][et_pb_column type=&#8221;1_2&#8243; _builder_version=&#8221;4.19.0&#8243; _module_preset=&#8221;default&#8221; global_colors_info=&#8221;{}&#8221;][et_pb_image src=&#8221;https:\/\/ejsatester.nyehjemmeside.dk\/wp-content\/uploads\/2022\/12\/Nepal-rejse-udland-autentisk-ejsayoga.png&#8221; title_text=&#8221;Nepal, rejse, udland, autentisk, ejsayoga&#8221; _builder_version=&#8221;4.19.0&#8243; _module_preset=&#8221;default&#8221; custom_margin=&#8221;-2px|||||&#8221; custom_padding=&#8221;0px|||||&#8221; global_colors_info=&#8221;{}&#8221;][\/et_pb_image][\/et_pb_column][et_pb_column type=&#8221;1_2&#8243; _builder_version=&#8221;4.19.0&#8243; _module_preset=&#8221;default&#8221; global_colors_info=&#8221;{}&#8221;][et_pb_image src=&#8221;https:\/\/ejsatester.nyehjemmeside.dk\/wp-content\/uploads\/2022\/12\/Nepal-rejse-udland-autentisk.png&#8221; title_text=&#8221;Nepal, rejse, udland, autentisk&#8221; _builder_version=&#8221;4.19.0&#8243; _module_preset=&#8221;default&#8221; custom_margin=&#8221;0px|||||&#8221; global_colors_info=&#8221;{}&#8221;][\/et_pb_image][\/et_pb_column][\/et_pb_row][\/et_pb_section][et_pb_section fb_built=&#8221;1&#8243; admin_label=&#8221;Person&#8221; _builder_version=&#8221;4.19.0&#8243; _module_preset=&#8221;default&#8221; background_image=&#8221;https:\/\/ejsatester.nyehjemmeside.dk\/wp-content\/uploads\/2022\/11\/Baggrund-hjemmeside.png&#8221; custom_padding=&#8221;5px||87px|||&#8221; bottom_divider_style=&#8221;wave&#8221; bottom_divider_color=&#8221;gcid-9745e094-76d8-4d83-ab68-a9236530a5f7&#8243; global_colors_info=&#8221;{%22gcid-9745e094-76d8-4d83-ab68-a9236530a5f7%22:%91%22bottom_divider_color%22%93}&#8221;][et_pb_row column_structure=&#8221;1_3,2_3&#8243; _builder_version=&#8221;4.16&#8243; _module_preset=&#8221;default&#8221; global_colors_info=&#8221;{}&#8221;][et_pb_column type=&#8221;1_3&#8243; _builder_version=&#8221;4.16&#8243; _module_preset=&#8221;default&#8221; global_colors_info=&#8221;{}&#8221;][\/et_pb_column][et_pb_column type=&#8221;2_3&#8243; _builder_version=&#8221;4.16&#8243; _module_preset=&#8221;default&#8221; global_colors_info=&#8221;{}&#8221;][et_pb_text _builder_version=&#8221;4.19.0&#8243; _module_preset=&#8221;c3c1179e-80e4-4396-b700-51b845e1c46f&#8221; header_2_font=&#8221;Montserrat||||||||&#8221; header_2_text_color=&#8221;gcid-779e448d-96c3-49b2-ae12-d4cf75113a53&#8243; header_2_font_size=&#8221;50px&#8221; header_2_line_height=&#8221;1.2em&#8221; custom_margin=&#8221;-28px|||||&#8221; custom_padding=&#8221;18px|||||&#8221; header_2_font_size_tablet=&#8221;32px&#8221; header_2_font_size_phone=&#8221;20px&#8221; header_2_font_size_last_edited=&#8221;on|phone&#8221; locked=&#8221;off&#8221; global_colors_info=&#8221;{%22gcid-779e448d-96c3-49b2-ae12-d4cf75113a53%22:%91%22header_2_text_color%22%93}&#8221;]<\/p>\n<h1 style=\"text-align: left;\">HVAD INKLUDERES I\u00a0 \u00a0REJSEN<\/h1>\n<p>[\/et_pb_text][\/et_pb_column][\/et_pb_row][et_pb_row column_structure=&#8221;1_3,2_3&#8243; _builder_version=&#8221;4.16&#8243; _module_preset=&#8221;default&#8221; custom_padding=&#8221;0px|||||&#8221; global_colors_info=&#8221;{}&#8221;][et_pb_column type=&#8221;1_3&#8243; _builder_version=&#8221;4.16&#8243; _module_preset=&#8221;default&#8221; global_colors_info=&#8221;{}&#8221;][et_pb_team_member name=&#8221;Ejsa Andersen&#8221; position=&#8221;UNDERVISER P\u00c5 RETREATET&#8221; image_url=&#8221;https:\/\/ejsatester.nyehjemmeside.dk\/wp-content\/uploads\/2022\/12\/Unknown-1-1.jpeg&#8221; _builder_version=&#8221;4.19.0&#8243; _module_preset=&#8221;default&#8221; header_font=&#8221;Work Sans||||||||&#8221; header_text_color=&#8221;gcid-779e448d-96c3-49b2-ae12-d4cf75113a53&#8243; header_font_size=&#8221;24px&#8221; header_line_height=&#8221;1.2em&#8221; position_font=&#8221;|700||on|||||&#8221; position_text_color=&#8221;gcid-779e448d-96c3-49b2-ae12-d4cf75113a53&#8243; position_font_size=&#8221;12px&#8221; position_letter_spacing=&#8221;3px&#8221; header_font_size_tablet=&#8221;20px&#8221; header_font_size_phone=&#8221;18px&#8221; header_font_size_last_edited=&#8221;on|phone&#8221; global_colors_info=&#8221;{%22gcid-779e448d-96c3-49b2-ae12-d4cf75113a53%22:%91%22header_text_color%22,%22position_text_color%22%93}&#8221;][\/et_pb_team_member][\/et_pb_column][et_pb_column type=&#8221;2_3&#8243; _builder_version=&#8221;4.16&#8243; _module_preset=&#8221;default&#8221; global_colors_info=&#8221;{}&#8221;][et_pb_text _builder_version=&#8221;4.19.5&#8243; _module_preset=&#8221;328ee7ad-ed91-4601-a1e5-70b2dcbbb6a8&#8243; text_font=&#8221;||||||||&#8221; text_text_color=&#8221;#000000&#8243; text_line_height=&#8221;1.8em&#8221; text_font_size_tablet=&#8221;16px&#8221; text_font_size_phone=&#8221;14px&#8221; text_font_size_last_edited=&#8221;off|desktop&#8221; locked=&#8221;off&#8221; global_colors_info=&#8221;{}&#8221;]<\/p>\n<p><strong>Inklusive i rejsen<\/strong><\/p>\n<p><strong>Sankhu<\/strong><\/p>\n<ul>\n<li>Overnatning<\/li>\n<li>Yoga 2 gange dagligt<\/li>\n<li>3 daglige m\u00e5ltider<\/li>\n<li>\u00c5ndedr\u00e6ts undervisning af Dr. Chintermani<\/li>\n<li>2 x massage<\/li>\n<li>1 x steam bad<\/li>\n<li>Guidet g\u00e5tur rundt i omr\u00e5det<\/li>\n<\/ul>\n<p><strong>Pokhara<\/strong><\/p>\n<ul>\n<li>Bustur til og fra Pokhara<\/li>\n<li>Hotel i delt dobbeltv\u00e6relse<\/li>\n<li>Morgenmad og aftensmad (Aftensmad spises samme p\u00e5 en udvalgt restaurent, spiser du et andet sted er det p\u00e5 egen regning)<\/li>\n<li>Vandretur<\/li>\n<\/ul>\n<p><strong>Ikke inkluderet<\/strong><\/p>\n<ul>\n<li>Fly<\/li>\n<li>Forsikring<\/li>\n<li>Taxi til og fra lufthavnen.<\/li>\n<li>Frokost i Pokhara<\/li>\n<li>Visum<\/li>\n<li>Taxi &#8211; Jeg s\u00f8rger for at der st\u00e5r en Taxi-mand med et skilt, med dit navn p\u00e5, n\u00e5r du lander i Kathamandu. Turen betaler du selv sammen med dem du k\u00f8rer med.<\/li>\n<\/ul>\n<p>[\/et_pb_text][\/et_pb_column][\/et_pb_row][\/et_pb_section]<\/p>\n","protected":false},"excerpt":{"rendered":"<p>UDSOLGT &#8211; NEPALRETREATPROGRAM Nepal Yoga Retreat, er til dig, som er til aktiv ferie, yoga, ro, vandreture og kultur p\u00e5 h\u00f8jeste plan. Pak kufferten, l\u00e6g dit normale liv bag dig [&hellip;]<\/p>\n","protected":false},"author":1,"featured_media":0,"parent":0,"menu_order":0,"comment_status":"closed","ping_status":"closed","template":"","meta":{"_et_pb_use_builder":"on","_et_pb_old_content":"","_et_gb_content_width":"","inline_featured_image":false,"footnotes":""},"class_list":["post-269","page","type-page","status-publish","hentry"],"_links":{"self":[{"href":"https:\/\/ejsatester.nyehjemmeside.dk\/index.php\/wp-json\/wp\/v2\/pages\/269","targetHints":{"allow":["GET"]}}],"collection":[{"href":"https:\/\/ejsatester.nyehjemmeside.dk\/index.php\/wp-json\/wp\/v2\/pages"}],"about":[{"href":"https:\/\/ejsatester.nyehjemmeside.dk\/index.php\/wp-json\/wp\/v2\/types\/page"}],"author":[{"embeddable":true,"href":"https:\/\/ejsatester.nyehjemmeside.dk\/index.php\/wp-json\/wp\/v2\/users\/1"}],"replies":[{"embeddable":true,"href":"https:\/\/ejsatester.nyehjemmeside.dk\/index.php\/wp-json\/wp\/v2\/comments?post=269"}],"version-history":[{"count":21,"href":"https:\/\/ejsatester.nyehjemmeside.dk\/index.php\/wp-json\/wp\/v2\/pages\/269\/revisions"}],"predecessor-version":[{"id":1256,"href":"https:\/\/ejsatester.nyehjemmeside.dk\/index.php\/wp-json\/wp\/v2\/pages\/269\/revisions\/1256"}],"wp:attachment":[{"href":"https:\/\/ejsatester.nyehjemmeside.dk\/index.php\/wp-json\/wp\/v2\/media?parent=269"}],"curies":[{"name":"wp","href":"https:\/\/api.w.org\/{rel}","templated":true}]}}