{"id":54,"date":"2022-11-28T09:03:35","date_gmt":"2022-11-28T09:03:35","guid":{"rendered":"http:\/\/ejsayoga.dk\/?page_id=54"},"modified":"2023-03-30T12:57:03","modified_gmt":"2023-03-30T12:57:03","slug":"hatha-slow-flow","status":"publish","type":"page","link":"https:\/\/ejsatester.nyehjemmeside.dk\/index.php\/hatha-slow-flow\/","title":{"rendered":"HATHA SLOW FLOW"},"content":{"rendered":"<p>[et_pb_section fb_built=&#8221;1&#8243; admin_label=&#8221;About&#8221; _builder_version=&#8221;4.20.2&#8243; _module_preset=&#8221;default&#8221; background_color=&#8221;gcid-04897493-f58d-40e6-bf12-6443f20c4df4&#8243; background_image=&#8221;https:\/\/ejsatester.nyehjemmeside.dk\/wp-content\/uploads\/2022\/12\/846CDEBB-18A6-49F7-8DD4-33DEE93E71A8_1_201_a.jpeg&#8221; background_size=&#8221;custom&#8221; background_image_width=&#8221;59%&#8221; background_image_height=&#8221;0%&#8221; background_position=&#8221;center_left&#8221; custom_padding=&#8221;||0px|||&#8221; hover_enabled=&#8221;0&#8243; background_last_edited=&#8221;on|phone&#8221; background_size_phone=&#8221;cover&#8221; background_horizontal_offset_phone=&#8221;22%&#8221; locked=&#8221;off&#8221; collapsed=&#8221;on&#8221; global_colors_info=&#8221;{%22gcid-1ebd227f-17a6-4b4b-aae3-34bdf343cf9f%22:%91%22background_color_gradient_stops%22%93,%22gcid-04897493-f58d-40e6-bf12-6443f20c4df4%22:%91%22background_color%22%93}&#8221; disabled_on=&#8221;on|off|off&#8221; sticky_enabled=&#8221;0&#8243;][et_pb_row column_structure=&#8221;1_2,1_2&#8243; _builder_version=&#8221;4.19.0&#8243; _module_preset=&#8221;default&#8221; min_height=&#8221;567px&#8221; custom_margin=&#8221;|auto||191px||&#8221; custom_margin_tablet=&#8221;|auto||191px||&#8221; custom_margin_phone=&#8221;|||100px|false|false&#8221; custom_margin_last_edited=&#8221;on|phone&#8221; custom_padding=&#8221;||0px|||&#8221; global_colors_info=&#8221;{}&#8221;][et_pb_column type=&#8221;1_2&#8243; _builder_version=&#8221;4.19.0&#8243; _module_preset=&#8221;default&#8221; global_colors_info=&#8221;{}&#8221;][\/et_pb_column][et_pb_column type=&#8221;1_2&#8243; _builder_version=&#8221;4.19.0&#8243; _module_preset=&#8221;default&#8221; background_color=&#8221;gcid-2ec11be9-f06a-4d0f-a01c-adf5b872f083&#8243; custom_padding=&#8221;60px|60px|60px|60px|true|true&#8221; custom_padding_tablet=&#8221;30px|30px|30px|30px|true|true&#8221; custom_padding_phone=&#8221;20px|20px|20px|20px|true|true&#8221; custom_padding_last_edited=&#8221;on|desktop&#8221; global_colors_info=&#8221;{%22gcid-1ebd227f-17a6-4b4b-aae3-34bdf343cf9f%22:%91%22background_color__hover%22%93,%22gcid-2ec11be9-f06a-4d0f-a01c-adf5b872f083%22:%91%22background_color%22%93}&#8221; background__hover_enabled=&#8221;on|desktop&#8221;][et_pb_text _builder_version=&#8221;4.20.2&#8243; _module_preset=&#8221;b327cbe4-b1d5-4b66-ad37-40c8f2f061ba&#8221; text_font=&#8221;Montserrat||||||||&#8221; header_font=&#8221;Montserrat||||||||&#8221; header_2_font=&#8221;Montserrat||||||||&#8221; header_2_font_size=&#8221;39px&#8221; header_2_letter_spacing=&#8221;2px&#8221; header_2_line_height=&#8221;1.2em&#8221; background_layout=&#8221;dark&#8221; header_2_font_size_tablet=&#8221;32px&#8221; header_2_font_size_phone=&#8221;20px&#8221; header_2_font_size_last_edited=&#8221;on|desktop&#8221; global_colors_info=&#8221;{}&#8221;]<\/p>\n<h2 style=\"text-align: center;\">HATHA SLOW FLOW<\/h2>\n<p>[\/et_pb_text][et_pb_text _builder_version=&#8221;4.20.2&#8243; _module_preset=&#8221;1f09816e-184e-4ce5-a4cf-b39c52c423ca&#8221; text_font_size=&#8221;16px&#8221; text_letter_spacing=&#8221;1px&#8221; text_line_height=&#8221;2em&#8221; background_layout=&#8221;dark&#8221; custom_margin=&#8221;||20px||false|false&#8221; text_font_size_tablet=&#8221;15px&#8221; text_font_size_phone=&#8221;14px&#8221; text_font_size_last_edited=&#8221;on|desktop&#8221; header_font_size_tablet=&#8221;55px&#8221; header_font_size_last_edited=&#8221;off|desktop&#8221; global_colors_info=&#8221;{}&#8221;]<\/p>\n<p class=\"p1\"><span>Slow betyder ikke at det er blid yoga, men at vi bev\u00e6ger os i et roligt tempo. En flow og alignment baseret klasse hvor vi arbejder med b\u00e5de statiske stillinger, sm\u00e5 flows, styrke, smidighed og ikke mindst kvaliteten af dette.<\/span><\/p>\n<p>Du vil her opleve stillinger fra alle levels.<\/p>\n<p class=\"p1\">Da tempoet er sat ned, er denne klasse er for de fleste.<span><\/span><\/p>\n<p class=\"p1\"><span><\/span><\/p>\n<p>[\/et_pb_text][\/et_pb_column][\/et_pb_row][\/et_pb_section][et_pb_section fb_built=&#8221;1&#8243; disabled_on=&#8221;off|on|on&#8221; admin_label=&#8221;About&#8221; _builder_version=&#8221;4.20.2&#8243; _module_preset=&#8221;default&#8221; background_color=&#8221;gcid-04897493-f58d-40e6-bf12-6443f20c4df4&#8243; background_enable_image=&#8221;off&#8221; background_size=&#8221;custom&#8221; background_image_width=&#8221;59%&#8221; background_image_height=&#8221;0%&#8221; background_position=&#8221;center_left&#8221; custom_margin_tablet=&#8221;&#8221; custom_margin_phone=&#8221;&#8221; custom_margin_last_edited=&#8221;on|tablet&#8221; custom_padding=&#8221;0px||||false|false&#8221; background_last_edited=&#8221;on|phone&#8221; background_enable_image_phone=&#8221;off&#8221; background_size_phone=&#8221;cover&#8221; background_image_width_phone=&#8221;100%&#8221; background_image_height_phone=&#8221;0%&#8221; background_horizontal_offset_phone=&#8221;68%&#8221; locked=&#8221;off&#8221; collapsed=&#8221;on&#8221; global_colors_info=&#8221;{%22gcid-1ebd227f-17a6-4b4b-aae3-34bdf343cf9f%22:%91%22background_color_gradient_stops%22%93,%22gcid-04897493-f58d-40e6-bf12-6443f20c4df4%22:%91%22background_color%22%93}&#8221;][et_pb_row _builder_version=&#8221;4.20.2&#8243; _module_preset=&#8221;default&#8221; background_color=&#8221;gcid-2ec11be9-f06a-4d0f-a01c-adf5b872f083&#8243; custom_margin=&#8221;0px||||false|false&#8221; custom_padding=&#8221;0px|0px|0px|0px|false|false&#8221; global_colors_info=&#8221;{%22gcid-2ec11be9-f06a-4d0f-a01c-adf5b872f083%22:%91%22background_color%22%93}&#8221;][et_pb_column type=&#8221;4_4&#8243; _builder_version=&#8221;4.20.2&#8243; _module_preset=&#8221;default&#8221; global_colors_info=&#8221;{}&#8221;][et_pb_image src=&#8221;https:\/\/ejsatester.nyehjemmeside.dk\/wp-content\/uploads\/2022\/12\/846CDEBB-18A6-49F7-8DD4-33DEE93E71A8_1_201_a.jpeg&#8221; title_text=&#8221;846CDEBB-18A6-49F7-8DD4-33DEE93E71A8_1_201_a&#8221; _builder_version=&#8221;4.20.2&#8243; _module_preset=&#8221;default&#8221; global_colors_info=&#8221;{}&#8221;][\/et_pb_image][et_pb_text _builder_version=&#8221;4.20.2&#8243; _module_preset=&#8221;default&#8221; background_layout=&#8221;dark&#8221; custom_margin=&#8221;||0px||false|false&#8221; custom_padding=&#8221;|20px|0px|20px|false|false&#8221; global_colors_info=&#8221;{}&#8221;]<\/p>\n<h2 style=\"text-align: left;\">HATHA SLOW FLOW<\/h2>\n<p>[\/et_pb_text][et_pb_text _builder_version=&#8221;4.20.2&#8243; _module_preset=&#8221;default&#8221; text_text_color=&#8221;#FFFFFF&#8221; background_color=&#8221;gcid-2ec11be9-f06a-4d0f-a01c-adf5b872f083&#8243; custom_padding=&#8221;0px|20px|20px|20px|false|false&#8221; global_colors_info=&#8221;{%22gcid-2ec11be9-f06a-4d0f-a01c-adf5b872f083%22:%91%22background_color%22%93}&#8221;]<\/p>\n<p class=\"p1\"><span>Slow betyder ikke at det er blid yoga, men at vi bev\u00e6ger os i et roligt tempo. En flow og alignment baseret klasse hvor vi arbejder med b\u00e5de statiske stillinger, sm\u00e5 flows, styrke, smidighed og ikke mindst kvaliteten af dette.<\/span><\/p>\n<p>Du vil her opleve stillinger fra alle levels.<\/p>\n<p class=\"p1\">Da tempoet er sat ned, er denne klasse er for de fleste.<span><\/span><\/p>\n<p>[\/et_pb_text][\/et_pb_column][\/et_pb_row][\/et_pb_section][et_pb_section fb_built=&#8221;1&#8243; _builder_version=&#8221;4.19.0&#8243; _module_preset=&#8221;default&#8221; background_image=&#8221;https:\/\/ejsatester.nyehjemmeside.dk\/wp-content\/uploads\/2022\/11\/Baggrund-hjemmeside.png&#8221; min_height=&#8221;405px&#8221; custom_margin=&#8221;32px|||||&#8221; custom_padding=&#8221;0px||4px|||&#8221; global_colors_info=&#8221;{}&#8221;][et_pb_row column_structure=&#8221;3_5,2_5&#8243; _builder_version=&#8221;4.19.0&#8243; _module_preset=&#8221;default&#8221; custom_margin=&#8221;-36px|auto||auto||&#8221; custom_padding=&#8221;50px|||||&#8221; global_colors_info=&#8221;{}&#8221;][et_pb_column type=&#8221;3_5&#8243; _builder_version=&#8221;4.19.0&#8243; _module_preset=&#8221;default&#8221; global_colors_info=&#8221;{}&#8221;][et_pb_blurb title=&#8221;FORDELE VED SLOW FLOW&#8221; _builder_version=&#8221;4.20.2&#8243; _module_preset=&#8221;default&#8221; header_font_size=&#8221;25px&#8221; header_letter_spacing=&#8221;2px&#8221; body_font=&#8221;Montserrat||||||||&#8221; body_font_size=&#8221;17px&#8221; body_letter_spacing=&#8221;1px&#8221; body_line_height=&#8221;1.9em&#8221; custom_margin=&#8221;40px||||false|false&#8221; custom_padding=&#8221;||26px|||&#8221; global_colors_info=&#8221;{}&#8221;]<\/p>\n<ul>\n<li style=\"font-weight: 400;\">Styrke<\/li>\n<li style=\"font-weight: 400;\">Udholdenhed<\/li>\n<li style=\"font-weight: 400;\">Fokus via \u00e5ndedr\u00e6ttet<\/li>\n<li style=\"font-weight: 400;\">Smidighed<\/li>\n<li style=\"font-weight: 400;\">Kendskab til din egen krop<\/li>\n<\/ul>\n<p>[\/et_pb_blurb][\/et_pb_column][et_pb_column type=&#8221;2_5&#8243; _builder_version=&#8221;4.19.0&#8243; _module_preset=&#8221;default&#8221; global_colors_info=&#8221;{}&#8221;][\/et_pb_column][\/et_pb_row][\/et_pb_section]<\/p>\n","protected":false},"excerpt":{"rendered":"<p>HATHA SLOW FLOWSlow betyder ikke at det er blid yoga, men at vi bev\u00e6ger os i et roligt tempo. En flow og alignment baseret klasse hvor vi arbejder med b\u00e5de [&hellip;]<\/p>\n","protected":false},"author":1,"featured_media":0,"parent":0,"menu_order":0,"comment_status":"closed","ping_status":"closed","template":"","meta":{"_et_pb_use_builder":"on","_et_pb_old_content":"","_et_gb_content_width":"","inline_featured_image":false,"footnotes":""},"class_list":["post-54","page","type-page","status-publish","hentry"],"_links":{"self":[{"href":"https:\/\/ejsatester.nyehjemmeside.dk\/index.php\/wp-json\/wp\/v2\/pages\/54","targetHints":{"allow":["GET"]}}],"collection":[{"href":"https:\/\/ejsatester.nyehjemmeside.dk\/index.php\/wp-json\/wp\/v2\/pages"}],"about":[{"href":"https:\/\/ejsatester.nyehjemmeside.dk\/index.php\/wp-json\/wp\/v2\/types\/page"}],"author":[{"embeddable":true,"href":"https:\/\/ejsatester.nyehjemmeside.dk\/index.php\/wp-json\/wp\/v2\/users\/1"}],"replies":[{"embeddable":true,"href":"https:\/\/ejsatester.nyehjemmeside.dk\/index.php\/wp-json\/wp\/v2\/comments?post=54"}],"version-history":[{"count":24,"href":"https:\/\/ejsatester.nyehjemmeside.dk\/index.php\/wp-json\/wp\/v2\/pages\/54\/revisions"}],"predecessor-version":[{"id":1389,"href":"https:\/\/ejsatester.nyehjemmeside.dk\/index.php\/wp-json\/wp\/v2\/pages\/54\/revisions\/1389"}],"wp:attachment":[{"href":"https:\/\/ejsatester.nyehjemmeside.dk\/index.php\/wp-json\/wp\/v2\/media?parent=54"}],"curies":[{"name":"wp","href":"https:\/\/api.w.org\/{rel}","templated":true}]}}