{"id":58,"date":"2022-11-28T09:03:57","date_gmt":"2022-11-28T09:03:57","guid":{"rendered":"http:\/\/ejsayoga.dk\/?page_id=58"},"modified":"2023-03-30T13:06:36","modified_gmt":"2023-03-30T13:06:36","slug":"firma-yoga","status":"publish","type":"page","link":"https:\/\/ejsatester.nyehjemmeside.dk\/index.php\/firma-yoga\/","title":{"rendered":"FIRMA YOGA"},"content":{"rendered":"<p>[et_pb_section fb_built=&#8221;1&#8243; disabled_on=&#8221;on|off|off&#8221; admin_label=&#8221;About&#8221; _builder_version=&#8221;4.20.2&#8243; _module_preset=&#8221;default&#8221; background_color=&#8221;gcid-04897493-f58d-40e6-bf12-6443f20c4df4&#8243; background_image=&#8221;https:\/\/ejsatester.nyehjemmeside.dk\/wp-content\/uploads\/2023\/03\/IMG_3185-scaled.jpg&#8221; background_size=&#8221;custom&#8221; background_image_width=&#8221;59%&#8221; background_image_height=&#8221;0%&#8221; background_position=&#8221;center_left&#8221; custom_padding=&#8221;||0px|||&#8221; background_last_edited=&#8221;on|phone&#8221; parallax_phone=&#8221;on&#8221; background_size_phone=&#8221;cover&#8221; locked=&#8221;off&#8221; collapsed=&#8221;on&#8221; global_colors_info=&#8221;{%22gcid-1ebd227f-17a6-4b4b-aae3-34bdf343cf9f%22:%91%22background_color_gradient_stops%22%93,%22gcid-04897493-f58d-40e6-bf12-6443f20c4df4%22:%91%22background_color%22%93}&#8221;][et_pb_row column_structure=&#8221;1_2,1_2&#8243; _builder_version=&#8221;4.20.2&#8243; _module_preset=&#8221;default&#8221; width=&#8221;81.4%&#8221; min_height=&#8221;550.5px&#8221; custom_margin=&#8221;|63px||191px|false|false&#8221; custom_margin_tablet=&#8221;|63px||191px|false|false&#8221; custom_margin_phone=&#8221;|||80px|false|false&#8221; custom_margin_last_edited=&#8221;on|phone&#8221; custom_padding=&#8221;0px||20px||false|false&#8221; global_colors_info=&#8221;{}&#8221;][et_pb_column type=&#8221;1_2&#8243; _builder_version=&#8221;4.19.0&#8243; _module_preset=&#8221;default&#8221; global_colors_info=&#8221;{}&#8221;][\/et_pb_column][et_pb_column type=&#8221;1_2&#8243; _builder_version=&#8221;4.19.0&#8243; _module_preset=&#8221;default&#8221; background_color=&#8221;gcid-2ec11be9-f06a-4d0f-a01c-adf5b872f083&#8243; custom_padding=&#8221;60px|60px|60px|60px|true|true&#8221; custom_padding_tablet=&#8221;30px|30px|30px|30px|true|true&#8221; custom_padding_phone=&#8221;20px|20px|20px|20px|true|true&#8221; custom_padding_last_edited=&#8221;on|desktop&#8221; global_colors_info=&#8221;{%22gcid-1ebd227f-17a6-4b4b-aae3-34bdf343cf9f%22:%91%22background_color__hover%22%93,%22gcid-2ec11be9-f06a-4d0f-a01c-adf5b872f083%22:%91%22background_color%22%93}&#8221; background__hover_enabled=&#8221;on|desktop&#8221;][et_pb_text _builder_version=&#8221;4.19.5&#8243; _module_preset=&#8221;b327cbe4-b1d5-4b66-ad37-40c8f2f061ba&#8221; text_font=&#8221;Montserrat||||||||&#8221; header_font=&#8221;Montserrat||||||||&#8221; header_2_font=&#8221;Montserrat||||||||&#8221; header_2_font_size=&#8221;39px&#8221; header_2_letter_spacing=&#8221;2px&#8221; header_2_line_height=&#8221;1.2em&#8221; background_layout=&#8221;dark&#8221; header_2_font_size_tablet=&#8221;32px&#8221; header_2_font_size_phone=&#8221;20px&#8221; header_2_font_size_last_edited=&#8221;on|desktop&#8221; global_colors_info=&#8221;{}&#8221;]<\/p>\n<h2 style=\"text-align: center;\">FIRMA YOGA<\/h2>\n<p>[\/et_pb_text][et_pb_text _builder_version=&#8221;4.20.2&#8243; _module_preset=&#8221;1f09816e-184e-4ce5-a4cf-b39c52c423ca&#8221; text_font_size=&#8221;16px&#8221; text_letter_spacing=&#8221;1px&#8221; text_line_height=&#8221;2em&#8221; background_layout=&#8221;dark&#8221; custom_margin=&#8221;||-37px||false|false&#8221; link_option_url=&#8221;https:\/\/www.berlingske.dk\/det-sunde-liv\/traek-vejret-og-slip-din-stress&#8221; hover_enabled=&#8221;0&#8243; text_font_size_tablet=&#8221;15px&#8221; text_font_size_phone=&#8221;14px&#8221; text_font_size_last_edited=&#8221;on|desktop&#8221; header_font_size_tablet=&#8221;55px&#8221; header_font_size_last_edited=&#8221;off|desktop&#8221; global_colors_info=&#8221;{}&#8221; sticky_enabled=&#8221;0&#8243;]<\/p>\n<p class=\"p1\" style=\"text-align: center;\">Hvorfor yoga i dit firma?<\/p>\n<p class=\"p1\" style=\"text-align: center;\">Yoga virker kun hvis du m\u00f8der op. Og med h\u00e5nden p\u00e5 hjertet, s\u00e5 er det ret nemt at v\u00e6lge familie, venner, indk\u00f8b og reng\u00f8ring frem for at komme ud af d\u00f8ren til din ugentlige praksis. DERFOR giver det s\u00e5 meget mening at f\u00e5 det gjort p\u00e5 arbejdspladsen.<\/p>\n<p class=\"p1\" style=\"text-align: center;\">I vores samfund, er vi s\u00e5 meget igang hele tiden,. Jo mere travlt vi f\u00e5r, jo sv\u00e6rere er det at lytte til hvordan vi egentlig har det. Hovedpine, stress, angst, manglende s\u00f8vn, bekymring mm kan afhj\u00e6lpes ved at dyrke yoga og tr\u00e6kke vejret bevidst.<\/p>\n<p style=\"text-align: center;\">L\u00c6S EVT ARTIKLEN <a href=\"https:\/\/www.berlingske.dk\/det-sunde-liv\/traek-vejret-og-slip-din-stress\" target=\"_blank\" rel=\"noopener\">HER<\/a><\/p>\n<p style=\"text-align: center;\"><span>Kunne dette v\u00e6re interessant for dig og dit firma? S\u00e5 kontakt mig <\/span><\/p>\n<p style=\"text-align: center;\"><span>TELEFON: +45 29 61 52 26<\/span><\/p>\n<p style=\"text-align: center;\">MAIL: <a href=\"mailto:EJSA@UNDERGROUND-YOGA.DK\">EJSA@UNDERGROUND-YOGA.DK<\/a><\/p>\n<p style=\"text-align: center;\">[\/et_pb_text][\/et_pb_column][\/et_pb_row][\/et_pb_section][et_pb_section fb_built=&#8221;1&#8243; disabled_on=&#8221;off|on|on&#8221; admin_label=&#8221;About&#8221; _builder_version=&#8221;4.20.2&#8243; _module_preset=&#8221;default&#8221; background_color=&#8221;gcid-04897493-f58d-40e6-bf12-6443f20c4df4&#8243; background_enable_image=&#8221;off&#8221; background_size=&#8221;custom&#8221; background_image_width=&#8221;59%&#8221; background_image_height=&#8221;0%&#8221; background_position=&#8221;center_left&#8221; custom_margin_tablet=&#8221;&#8221; custom_margin_phone=&#8221;&#8221; custom_margin_last_edited=&#8221;on|tablet&#8221; custom_padding=&#8221;0px||||false|false&#8221; background_last_edited=&#8221;on|phone&#8221; background_enable_image_phone=&#8221;off&#8221; background_size_phone=&#8221;cover&#8221; background_image_width_phone=&#8221;100%&#8221; background_image_height_phone=&#8221;0%&#8221; background_horizontal_offset_phone=&#8221;68%&#8221; locked=&#8221;off&#8221; collapsed=&#8221;on&#8221; global_colors_info=&#8221;{%22gcid-1ebd227f-17a6-4b4b-aae3-34bdf343cf9f%22:%91%22background_color_gradient_stops%22%93,%22gcid-04897493-f58d-40e6-bf12-6443f20c4df4%22:%91%22background_color%22%93}&#8221;][et_pb_row _builder_version=&#8221;4.20.2&#8243; _module_preset=&#8221;default&#8221; background_color=&#8221;gcid-2ec11be9-f06a-4d0f-a01c-adf5b872f083&#8243; custom_margin=&#8221;0px||||false|false&#8221; custom_padding=&#8221;0px|0px|0px|0px|false|false&#8221; global_colors_info=&#8221;{%22gcid-2ec11be9-f06a-4d0f-a01c-adf5b872f083%22:%91%22background_color%22%93}&#8221;][et_pb_column type=&#8221;4_4&#8243; _builder_version=&#8221;4.20.2&#8243; _module_preset=&#8221;default&#8221; global_colors_info=&#8221;{}&#8221;][et_pb_image src=&#8221;https:\/\/ejsatester.nyehjemmeside.dk\/wp-content\/uploads\/2023\/03\/IMG_3185-scaled.jpg&#8221; title_text=&#8221;IMG_3185&#8243; _builder_version=&#8221;4.20.2&#8243; _module_preset=&#8221;default&#8221; global_colors_info=&#8221;{}&#8221;][\/et_pb_image][et_pb_text _builder_version=&#8221;4.20.2&#8243; _module_preset=&#8221;default&#8221; background_layout=&#8221;dark&#8221; custom_margin=&#8221;||0px||false|false&#8221; custom_padding=&#8221;|20px|0px|20px|false|false&#8221; global_colors_info=&#8221;{}&#8221;]<\/p>\n<h2 style=\"text-align: center;\">FIRMA YOGA<\/h2>\n<p>[\/et_pb_text][et_pb_text _builder_version=&#8221;4.20.2&#8243; _module_preset=&#8221;default&#8221; text_text_color=&#8221;#FFFFFF&#8221; background_color=&#8221;gcid-2ec11be9-f06a-4d0f-a01c-adf5b872f083&#8243; custom_padding=&#8221;0px|20px|20px|20px|false|false&#8221; hover_enabled=&#8221;0&#8243; global_colors_info=&#8221;{%22gcid-2ec11be9-f06a-4d0f-a01c-adf5b872f083%22:%91%22background_color%22%93}&#8221; sticky_enabled=&#8221;0&#8243;]<\/p>\n<p class=\"p1\" style=\"text-align: center;\">Hvorfor yoga i dit firma?<\/p>\n<p class=\"p1\" style=\"text-align: center;\">Yoga virker kun hvis du m\u00f8der op. Og med h\u00e5nden p\u00e5 hjertet, s\u00e5 er det ret nemt at v\u00e6lge familie, venner, indk\u00f8b og reng\u00f8ring frem for at komme ud af d\u00f8ren til din ugentlige praksis. DERFOR giver det s\u00e5 meget mening at f\u00e5 det gjort p\u00e5 arbejdspladsen.<\/p>\n<p class=\"p1\" style=\"text-align: center;\">I vores samfund, er vi s\u00e5 meget igang hele tiden,. Jo mere travlt vi f\u00e5r, jo sv\u00e6rere er det at lytte til hvordan vi egentlig har det. Hovedpine, stress, angst, manglende s\u00f8vn, bekymring mm kan afhj\u00e6lpes ved at dyrke yoga og tr\u00e6kke vejret bevidst.<\/p>\n<p style=\"text-align: center;\">L\u00c6S EVT ARTIKLEN <a href=\"https:\/\/www.berlingske.dk\/det-sunde-liv\/traek-vejret-og-slip-din-stress\" target=\"_blank\" rel=\"noopener\">HER<\/a><\/p>\n<p style=\"text-align: center;\"><span>Kunne dette v\u00e6re interessant for dig og dit firma? S\u00e5 kontakt mig <\/span><\/p>\n<p style=\"text-align: center;\"><span>TELEFON: +45 29 61 52 26<\/span><\/p>\n<p style=\"text-align: center;\">MAIL: <a href=\"mailto:EJSA@UNDERGROUND-YOGA.DK\">EJSA@UNDERGROUND-YOGA.DK<\/a><\/p>\n<p>[\/et_pb_text][\/et_pb_column][\/et_pb_row][\/et_pb_section]<\/p>\n","protected":false},"excerpt":{"rendered":"<p>FIRMA YOGAHvorfor yoga i dit firma? Yoga virker kun hvis du m\u00f8der op. Og med h\u00e5nden p\u00e5 hjertet, s\u00e5 er det ret nemt at v\u00e6lge familie, venner, indk\u00f8b og reng\u00f8ring [&hellip;]<\/p>\n","protected":false},"author":1,"featured_media":0,"parent":0,"menu_order":0,"comment_status":"closed","ping_status":"closed","template":"","meta":{"_et_pb_use_builder":"on","_et_pb_old_content":"","_et_gb_content_width":"","inline_featured_image":false,"footnotes":""},"class_list":["post-58","page","type-page","status-publish","hentry"],"_links":{"self":[{"href":"https:\/\/ejsatester.nyehjemmeside.dk\/index.php\/wp-json\/wp\/v2\/pages\/58","targetHints":{"allow":["GET"]}}],"collection":[{"href":"https:\/\/ejsatester.nyehjemmeside.dk\/index.php\/wp-json\/wp\/v2\/pages"}],"about":[{"href":"https:\/\/ejsatester.nyehjemmeside.dk\/index.php\/wp-json\/wp\/v2\/types\/page"}],"author":[{"embeddable":true,"href":"https:\/\/ejsatester.nyehjemmeside.dk\/index.php\/wp-json\/wp\/v2\/users\/1"}],"replies":[{"embeddable":true,"href":"https:\/\/ejsatester.nyehjemmeside.dk\/index.php\/wp-json\/wp\/v2\/comments?post=58"}],"version-history":[{"count":24,"href":"https:\/\/ejsatester.nyehjemmeside.dk\/index.php\/wp-json\/wp\/v2\/pages\/58\/revisions"}],"predecessor-version":[{"id":1398,"href":"https:\/\/ejsatester.nyehjemmeside.dk\/index.php\/wp-json\/wp\/v2\/pages\/58\/revisions\/1398"}],"wp:attachment":[{"href":"https:\/\/ejsatester.nyehjemmeside.dk\/index.php\/wp-json\/wp\/v2\/media?parent=58"}],"curies":[{"name":"wp","href":"https:\/\/api.w.org\/{rel}","templated":true}]}}